{"id":26,"date":"2022-04-07T15:09:25","date_gmt":"2022-04-07T15:09:25","guid":{"rendered":"https:\/\/www.muliate.com\/canovas24\/?page_id=26"},"modified":"2022-04-07T21:51:02","modified_gmt":"2022-04-07T21:51:02","slug":"ubicacion","status":"publish","type":"page","link":"https:\/\/www.muliate.com\/canovas24\/es\/ubicacion\/","title":{"rendered":"En el coraz\u00f3n de C\u00e1diz"},"content":{"rendered":"<p style=\"text-align: center;\">Te presentamos la promoci\u00f3n C\u00e1novas 24. Una reforma integral de un cl\u00e1sico edificio de este hist\u00f3rico enclave. En la calle C\u00e1novas del Castillo 24, esquina con la calle Sagasta.<\/p>\n<p style=\"text-align: center;\">Ubicado entre tres de las m\u00e1s bonitas plazas de C\u00e1diz: la plaza de San Antonio, la plaza Mina y la plaza San Francisco. En la esencia del Casco Antiguo de la ciudad. Lleno de encanto y de historia. Rodeado de tranquilidad, pero lleno de luz y de cultura, del buen ambiente que se respira entre sus calles y con la Catedral y el Mercado Central a un paso\u2026 Y por supuesto, rodeada de la oferta gastron\u00f3mica y de servicios que hace del Casco hist\u00f3rico de C\u00e1diz, todo un referente de la buena vida.<\/p>\n","protected":false},"excerpt":{"rendered":"<p>Te presentamos la promoci\u00f3n C\u00e1novas 24. Una reforma integral de un cl\u00e1sico edificio de este hist\u00f3rico enclave. En la calle C\u00e1novas del Castillo 24, esquina con la calle Sagasta. Ubicado entre tres de las m\u00e1s bonitas plazas de C\u00e1diz: la plaza de San Antonio, la plaza Mina y la plaza San Francisco. En la esencia [&hellip;]<\/p>\n","protected":false},"author":1,"featured_media":0,"parent":0,"menu_order":0,"comment_status":"closed","ping_status":"closed","template":"page-ubicacion.php","meta":[],"_links":{"self":[{"href":"https:\/\/www.muliate.com\/canovas24\/es\/wp-json\/wp\/v2\/pages\/26"}],"collection":[{"href":"https:\/\/www.muliate.com\/canovas24\/es\/wp-json\/wp\/v2\/pages"}],"about":[{"href":"https:\/\/www.muliate.com\/canovas24\/es\/wp-json\/wp\/v2\/types\/page"}],"author":[{"embeddable":true,"href":"https:\/\/www.muliate.com\/canovas24\/es\/wp-json\/wp\/v2\/users\/1"}],"replies":[{"embeddable":true,"href":"https:\/\/www.muliate.com\/canovas24\/es\/wp-json\/wp\/v2\/comments?post=26"}],"version-history":[{"count":3,"href":"https:\/\/www.muliate.com\/canovas24\/es\/wp-json\/wp\/v2\/pages\/26\/revisions"}],"predecessor-version":[{"id":55,"href":"https:\/\/www.muliate.com\/canovas24\/es\/wp-json\/wp\/v2\/pages\/26\/revisions\/55"}],"wp:attachment":[{"href":"https:\/\/www.muliate.com\/canovas24\/es\/wp-json\/wp\/v2\/media?parent=26"}],"curies":[{"name":"wp","href":"https:\/\/api.w.org\/{rel}","templated":true}]}}